{"id":67,"date":"2022-01-29T23:57:24","date_gmt":"2022-01-29T23:57:24","guid":{"rendered":"https:\/\/www.chamanacargo.com.pe\/?page_id=67"},"modified":"2022-01-30T00:11:29","modified_gmt":"2022-01-30T00:11:29","slug":"servicios","status":"publish","type":"page","link":"https:\/\/www.chamanacargo.com.pe\/?page_id=67","title":{"rendered":"SERVICIOS"},"content":{"rendered":"\t\t<div data-elementor-type=\"wp-page\" data-elementor-id=\"67\" class=\"elementor elementor-67\" data-elementor-settings=\"[]\">\n\t\t\t\t\t\t\t<div class=\"elementor-section-wrap\">\n\t\t\t\t\t\t\t<section class=\"elementor-section elementor-top-section elementor-element elementor-element-dd1292f elementor-section-stretched elementor-section-boxed elementor-section-height-default elementor-section-height-default\" data-id=\"dd1292f\" data-element_type=\"section\" data-settings=\"{&quot;stretch_section&quot;:&quot;section-stretched&quot;,&quot;background_background&quot;:&quot;classic&quot;}\">\n\t\t\t\t\t\t\t<div class=\"elementor-background-overlay\"><\/div>\n\t\t\t\t\t\t\t<div class=\"elementor-container elementor-column-gap-default\">\n\t\t\t\t\t<div class=\"elementor-column elementor-col-100 elementor-top-column elementor-element elementor-element-5dcc17e\" data-id=\"5dcc17e\" data-element_type=\"column\">\n\t\t\t<div class=\"elementor-widget-wrap elementor-element-populated\">\n\t\t\t\t\t\t\t\t<div class=\"elementor-element elementor-element-ffe5298 elementor-widget elementor-widget-heading\" data-id=\"ffe5298\" data-element_type=\"widget\" data-widget_type=\"heading.default\">\n\t\t\t\t<div class=\"elementor-widget-container\">\n\t\t\t<style>\/*! elementor - v3.5.0 - 12-12-2021 *\/\n.elementor-heading-title{padding:0;margin:0;line-height:1}.elementor-widget-heading .elementor-heading-title[class*=elementor-size-]>a{color:inherit;font-size:inherit;line-height:inherit}.elementor-widget-heading .elementor-heading-title.elementor-size-small{font-size:15px}.elementor-widget-heading .elementor-heading-title.elementor-size-medium{font-size:19px}.elementor-widget-heading .elementor-heading-title.elementor-size-large{font-size:29px}.elementor-widget-heading .elementor-heading-title.elementor-size-xl{font-size:39px}.elementor-widget-heading .elementor-heading-title.elementor-size-xxl{font-size:59px}<\/style><h2 class=\"elementor-heading-title elementor-size-default\">SERVICIOS<\/h2>\t\t<\/div>\n\t\t\t\t<\/div>\n\t\t\t\t\t<\/div>\n\t\t<\/div>\n\t\t\t\t\t\t\t<\/div>\n\t\t<\/section>\n\t\t\t\t<section class=\"elementor-section elementor-top-section elementor-element elementor-element-5044a7e elementor-section-boxed elementor-section-height-default elementor-section-height-default\" data-id=\"5044a7e\" data-element_type=\"section\">\n\t\t\t\t\t\t<div class=\"elementor-container elementor-column-gap-default\">\n\t\t\t\t\t<div class=\"elementor-column elementor-col-100 elementor-top-column elementor-element elementor-element-126ad61\" data-id=\"126ad61\" data-element_type=\"column\">\n\t\t\t<div class=\"elementor-widget-wrap elementor-element-populated\">\n\t\t\t\t\t\t\t\t<section class=\"elementor-section elementor-inner-section elementor-element elementor-element-9156022 elementor-section-boxed elementor-section-height-default elementor-section-height-default\" data-id=\"9156022\" data-element_type=\"section\">\n\t\t\t\t\t\t<div class=\"elementor-container elementor-column-gap-default\">\n\t\t\t\t\t<div class=\"elementor-column elementor-col-33 elementor-inner-column elementor-element elementor-element-694b213\" data-id=\"694b213\" data-element_type=\"column\">\n\t\t\t<div class=\"elementor-widget-wrap elementor-element-populated\">\n\t\t\t\t\t\t\t\t<div class=\"elementor-element elementor-element-6dc9e4e elementor-widget elementor-widget-image\" data-id=\"6dc9e4e\" data-element_type=\"widget\" data-widget_type=\"image.default\">\n\t\t\t\t<div class=\"elementor-widget-container\">\n\t\t\t<style>\/*! elementor - v3.5.0 - 12-12-2021 *\/\n.elementor-widget-image{text-align:center}.elementor-widget-image a{display:inline-block}.elementor-widget-image a img[src$=\".svg\"]{width:48px}.elementor-widget-image img{vertical-align:middle;display:inline-block}<\/style>\t\t\t\t\t\t\t\t\t\t\t\t<img loading=\"lazy\" decoding=\"async\" width=\"640\" height=\"360\" src=\"https:\/\/www.chamanacargo.com.pe\/wp-content\/uploads\/2022\/01\/A1.jpg\" class=\"elementor-animation-float attachment-large size-large\" alt=\"\" srcset=\"https:\/\/www.chamanacargo.com.pe\/wp-content\/uploads\/2022\/01\/A1.jpg 640w, https:\/\/www.chamanacargo.com.pe\/wp-content\/uploads\/2022\/01\/A1-300x169.jpg 300w, https:\/\/www.chamanacargo.com.pe\/wp-content\/uploads\/2022\/01\/A1-260x146.jpg 260w, https:\/\/www.chamanacargo.com.pe\/wp-content\/uploads\/2022\/01\/A1-50x28.jpg 50w, https:\/\/www.chamanacargo.com.pe\/wp-content\/uploads\/2022\/01\/A1-133x75.jpg 133w\" sizes=\"auto, (max-width: 640px) 100vw, 640px\" \/>\t\t\t\t\t\t\t\t\t\t\t\t\t\t\t<\/div>\n\t\t\t\t<\/div>\n\t\t\t\t<div class=\"elementor-element elementor-element-e532475 elementor-widget elementor-widget-heading\" data-id=\"e532475\" data-element_type=\"widget\" data-widget_type=\"heading.default\">\n\t\t\t\t<div class=\"elementor-widget-container\">\n\t\t\t<h4 class=\"elementor-heading-title elementor-size-default\">Transporte internacional de carga <\/h4>\t\t<\/div>\n\t\t\t\t<\/div>\n\t\t\t\t<div class=\"elementor-element elementor-element-7e8be65 elementor-widget elementor-widget-text-editor\" data-id=\"7e8be65\" data-element_type=\"widget\" data-widget_type=\"text-editor.default\">\n\t\t\t\t<div class=\"elementor-widget-container\">\n\t\t\t<style>\/*! elementor - v3.5.0 - 12-12-2021 *\/\n.elementor-widget-text-editor.elementor-drop-cap-view-stacked .elementor-drop-cap{background-color:#818a91;color:#fff}.elementor-widget-text-editor.elementor-drop-cap-view-framed .elementor-drop-cap{color:#818a91;border:3px solid;background-color:transparent}.elementor-widget-text-editor:not(.elementor-drop-cap-view-default) .elementor-drop-cap{margin-top:8px}.elementor-widget-text-editor:not(.elementor-drop-cap-view-default) .elementor-drop-cap-letter{width:1em;height:1em}.elementor-widget-text-editor .elementor-drop-cap{float:left;text-align:center;line-height:1;font-size:50px}.elementor-widget-text-editor .elementor-drop-cap-letter{display:inline-block}<\/style>\t\t\t\t<p>Transporte desde y hacia cualquier puerto del mundo para carga por v\u00eda a\u00e9rea, mar\u00edtima y terrestres. \u00a0Para productos perecible, carga valorada, carga seca, textiles, cargas peligrosas, menaje de casa y efectos personales entre otros.<\/p>\t\t\t\t\t\t<\/div>\n\t\t\t\t<\/div>\n\t\t\t\t\t<\/div>\n\t\t<\/div>\n\t\t\t\t<div class=\"elementor-column elementor-col-33 elementor-inner-column elementor-element elementor-element-e76a7a7\" data-id=\"e76a7a7\" data-element_type=\"column\">\n\t\t\t<div class=\"elementor-widget-wrap elementor-element-populated\">\n\t\t\t\t\t\t\t\t<div class=\"elementor-element elementor-element-a76b6f7 elementor-widget elementor-widget-image\" data-id=\"a76b6f7\" data-element_type=\"widget\" data-widget_type=\"image.default\">\n\t\t\t\t<div class=\"elementor-widget-container\">\n\t\t\t\t\t\t\t\t\t\t\t\t\t\t\t<img loading=\"lazy\" decoding=\"async\" width=\"640\" height=\"360\" src=\"https:\/\/www.chamanacargo.com.pe\/wp-content\/uploads\/2022\/01\/A2.jpg\" class=\"elementor-animation-float attachment-large size-large\" alt=\"\" srcset=\"https:\/\/www.chamanacargo.com.pe\/wp-content\/uploads\/2022\/01\/A2.jpg 640w, https:\/\/www.chamanacargo.com.pe\/wp-content\/uploads\/2022\/01\/A2-300x169.jpg 300w, https:\/\/www.chamanacargo.com.pe\/wp-content\/uploads\/2022\/01\/A2-260x146.jpg 260w, https:\/\/www.chamanacargo.com.pe\/wp-content\/uploads\/2022\/01\/A2-50x28.jpg 50w, https:\/\/www.chamanacargo.com.pe\/wp-content\/uploads\/2022\/01\/A2-133x75.jpg 133w\" sizes=\"auto, (max-width: 640px) 100vw, 640px\" \/>\t\t\t\t\t\t\t\t\t\t\t\t\t\t\t<\/div>\n\t\t\t\t<\/div>\n\t\t\t\t<div class=\"elementor-element elementor-element-9f5b76e elementor-widget elementor-widget-heading\" data-id=\"9f5b76e\" data-element_type=\"widget\" data-widget_type=\"heading.default\">\n\t\t\t\t<div class=\"elementor-widget-container\">\n\t\t\t<h4 class=\"elementor-heading-title elementor-size-default\">Tramites de aduana<\/h4>\t\t<\/div>\n\t\t\t\t<\/div>\n\t\t\t\t<div class=\"elementor-element elementor-element-5f4f748 elementor-widget elementor-widget-text-editor\" data-id=\"5f4f748\" data-element_type=\"widget\" data-widget_type=\"text-editor.default\">\n\t\t\t\t<div class=\"elementor-widget-container\">\n\t\t\t\t\t\t\t<p>Contamos con socios estrat\u00e9gicos con quienes coordinamos para optimizamos sus procedimientos aduaneros ahorrando tiempo y costos. Asimismo, nuestro personal cuenta con amplia experiencia para agilizar su tr\u00e1mite con la Aduana en todos los reg\u00edmenes.<\/p>\t\t\t\t\t\t<\/div>\n\t\t\t\t<\/div>\n\t\t\t\t\t<\/div>\n\t\t<\/div>\n\t\t\t\t<div class=\"elementor-column elementor-col-33 elementor-inner-column elementor-element elementor-element-c6114ef\" data-id=\"c6114ef\" data-element_type=\"column\">\n\t\t\t<div class=\"elementor-widget-wrap elementor-element-populated\">\n\t\t\t\t\t\t\t\t<div class=\"elementor-element elementor-element-989f8ad elementor-widget elementor-widget-image\" data-id=\"989f8ad\" data-element_type=\"widget\" data-widget_type=\"image.default\">\n\t\t\t\t<div class=\"elementor-widget-container\">\n\t\t\t\t\t\t\t\t\t\t\t\t\t\t\t<img loading=\"lazy\" decoding=\"async\" width=\"640\" height=\"360\" src=\"https:\/\/www.chamanacargo.com.pe\/wp-content\/uploads\/2022\/01\/A3.jpg\" class=\"elementor-animation-float attachment-large size-large\" alt=\"\" srcset=\"https:\/\/www.chamanacargo.com.pe\/wp-content\/uploads\/2022\/01\/A3.jpg 640w, https:\/\/www.chamanacargo.com.pe\/wp-content\/uploads\/2022\/01\/A3-300x169.jpg 300w, https:\/\/www.chamanacargo.com.pe\/wp-content\/uploads\/2022\/01\/A3-260x146.jpg 260w, https:\/\/www.chamanacargo.com.pe\/wp-content\/uploads\/2022\/01\/A3-50x28.jpg 50w, https:\/\/www.chamanacargo.com.pe\/wp-content\/uploads\/2022\/01\/A3-133x75.jpg 133w\" sizes=\"auto, (max-width: 640px) 100vw, 640px\" \/>\t\t\t\t\t\t\t\t\t\t\t\t\t\t\t<\/div>\n\t\t\t\t<\/div>\n\t\t\t\t<div class=\"elementor-element elementor-element-fe67685 elementor-widget elementor-widget-heading\" data-id=\"fe67685\" data-element_type=\"widget\" data-widget_type=\"heading.default\">\n\t\t\t\t<div class=\"elementor-widget-container\">\n\t\t\t<h4 class=\"elementor-heading-title elementor-size-default\">Asesor\u00eda de comercio exterior <\/h4>\t\t<\/div>\n\t\t\t\t<\/div>\n\t\t\t\t<div class=\"elementor-element elementor-element-acf95d1 elementor-widget elementor-widget-text-editor\" data-id=\"acf95d1\" data-element_type=\"widget\" data-widget_type=\"text-editor.default\">\n\t\t\t\t<div class=\"elementor-widget-container\">\n\t\t\t\t\t\t\t<p>Nuestra amplia experiencia nos ayuda a dar soluciones a nuestro cliente en asesor\u00eda como: Emisi\u00f3n de certificados de origen, sanidad agraria y animal, ministerio de comunicaciones, Digemid, Serfor y otras entidades nacionales e internacionales.<\/p><p>Asimismo, te asesoramos para tus compras en el extranjero con las mejores y mas completas tiendas de China.<\/p>\t\t\t\t\t\t<\/div>\n\t\t\t\t<\/div>\n\t\t\t\t\t<\/div>\n\t\t<\/div>\n\t\t\t\t\t\t\t<\/div>\n\t\t<\/section>\n\t\t\t\t\t<\/div>\n\t\t<\/div>\n\t\t\t\t\t\t\t<\/div>\n\t\t<\/section>\n\t\t\t\t\t\t<\/div>\n\t\t\t\t\t<\/div>\n\t\t","protected":false},"excerpt":{"rendered":"<p>SERVICIOS Transporte internacional de carga Transporte desde y hacia cualquier puerto del mundo para carga por v\u00eda a\u00e9rea, mar\u00edtima y terrestres. \u00a0Para productos perecible, carga valorada,<span class=\"excerpt-hellip\"> [\u2026]<\/span><\/p>\n","protected":false},"author":1,"featured_media":0,"parent":0,"menu_order":0,"comment_status":"closed","ping_status":"closed","template":"","meta":{"footnotes":""},"class_list":["post-67","page","type-page","status-publish","hentry"],"_links":{"self":[{"href":"https:\/\/www.chamanacargo.com.pe\/index.php?rest_route=\/wp\/v2\/pages\/67","targetHints":{"allow":["GET"]}}],"collection":[{"href":"https:\/\/www.chamanacargo.com.pe\/index.php?rest_route=\/wp\/v2\/pages"}],"about":[{"href":"https:\/\/www.chamanacargo.com.pe\/index.php?rest_route=\/wp\/v2\/types\/page"}],"author":[{"embeddable":true,"href":"https:\/\/www.chamanacargo.com.pe\/index.php?rest_route=\/wp\/v2\/users\/1"}],"replies":[{"embeddable":true,"href":"https:\/\/www.chamanacargo.com.pe\/index.php?rest_route=%2Fwp%2Fv2%2Fcomments&post=67"}],"version-history":[{"count":7,"href":"https:\/\/www.chamanacargo.com.pe\/index.php?rest_route=\/wp\/v2\/pages\/67\/revisions"}],"predecessor-version":[{"id":74,"href":"https:\/\/www.chamanacargo.com.pe\/index.php?rest_route=\/wp\/v2\/pages\/67\/revisions\/74"}],"wp:attachment":[{"href":"https:\/\/www.chamanacargo.com.pe\/index.php?rest_route=%2Fwp%2Fv2%2Fmedia&parent=67"}],"curies":[{"name":"wp","href":"https:\/\/api.w.org\/{rel}","templated":true}]}}